{"id":15,"date":"2023-05-22T09:07:05","date_gmt":"2023-05-22T07:07:05","guid":{"rendered":"https:\/\/capital.gfxdev.hu\/?page_id=15"},"modified":"2025-09-23T13:44:59","modified_gmt":"2025-09-23T11:44:59","slug":"home","status":"publish","type":"page","link":"https:\/\/citygate.hu\/hu\/","title":{"rendered":"Home"},"content":{"rendered":"<div id=\"pl-15\"  class=\"panel-layout\" ><div id=\"pg-15-0\"  class=\"panel-grid panel-no-style\" ><div id=\"pgc-15-0-0\"  class=\"panel-grid-cell\" ><\/div><\/div><div id=\"pg-15-1\"  class=\"panel-grid panel-has-style\" ><div id=\"the_building\" class=\"panel-row-style panel-row-style-for-15-1\" ><div id=\"pgc-15-1-0\"  class=\"panel-grid-cell\" ><div id=\"panel-15-1-0-0\" class=\"so-panel widget widget_text panel-first-child\" data-index=\"1\" ><div class=\"row_title panel-widget-style panel-widget-style-for-15-1-0-0\" ><h3 class=\"widget-title\">Az \u00e9p\u00fclet<\/h3>\t\t\t<div class=\"textwidget\"><\/div>\n\t\t<\/div><\/div><div id=\"panel-15-1-0-1\" class=\"so-panel widget widget_text panel-last-child\" data-index=\"2\" ><div id=\"block-thebuilding\" class=\"panel-widget-style panel-widget-style-for-15-1-0-1\" >\t\t\t<div class=\"textwidget\"><div class=\"block__content\">\n<div id=\"block-views-block-the-building-block-2\" class=\"views-element-container contextual-region l-bl block block-config-provider--views block-plugin-id--views-block-the-building-block-2\">\n<div class=\"block__inner\">\n<div class=\"block__content\">\n<div class=\"element-container-wrapper\">\n<div class=\"contextual-region view view-the-building view-id-the_building view-display-id-block_2 js-view-dom-id-4cacb2659fbbc2de53fc934084add17d481d1f2e417e8e1046d25d4c80376424\">\n<div class=\"view-content view-rows\">\n<div class=\"views-row\">\n<div class=\"views-field views-field-field-image\">\n<div class=\"field-content\"><img loading=\"lazy\" decoding=\"async\" src=\"\/wp-content\/uploads\/2023\/06\/cg_1_0-1.jpg\" alt=\"\" width=\"384\" height=\"258\" \/><\/div>\n<\/div>\n<div class=\"views-field views-field-nothing\">\n<p>&nbsp;<\/p>\n<div class=\"views-row-inner\">\n<div class=\"views-field views-field-name\">City gate 1<\/div>\n<div class=\"views-field views-field-description__value\">\n<p>4620 m\u00b2<\/p>\n<\/div>\n<\/div>\n<p>&nbsp;<\/p>\n<\/div>\n<\/div>\n<div class=\"views-row\">\n<div class=\"views-field views-field-field-image\">\n<div class=\"field-content\"><img loading=\"lazy\" decoding=\"async\" src=\"\/wp-content\/uploads\/2023\/06\/CG_2_0.jpg\" alt=\"\" width=\"384\" height=\"258\" \/><\/div>\n<\/div>\n<div class=\"views-field views-field-nothing\">\n<p>&nbsp;<\/p>\n<div class=\"views-row-inner\">\n<div class=\"views-field views-field-name\">City gate 2<\/div>\n<div class=\"views-field views-field-description__value\">\n<p>10870 m\u00b2<\/p>\n<\/div>\n<\/div>\n<p>&nbsp;<\/p>\n<\/div>\n<\/div>\n<div class=\"views-row\">\n<div class=\"views-field views-field-field-image\">\n<div class=\"field-content\"><img loading=\"lazy\" decoding=\"async\" src=\"\/wp-content\/uploads\/2023\/06\/CG_3_0.jpg\" alt=\"\" width=\"384\" height=\"258\" \/><\/div>\n<\/div>\n<div class=\"views-field views-field-nothing\">\n<p>&nbsp;<\/p>\n<div class=\"views-row-inner\">\n<div class=\"views-field views-field-name\">City gate 3<\/div>\n<div class=\"views-field views-field-description__value\">\n<p>9450 m\u00b2<\/p>\n<\/div>\n<\/div>\n<p>&nbsp;<\/p>\n<\/div>\n<\/div>\n<\/div>\n<\/div>\n<\/div>\n<\/div>\n<\/div>\n<\/div>\n<div id=\"block-thebuilding\" class=\"contextual-region l-bl block block-config-provider--block-content block-plugin-id--block-content-0c29982c-7d88-4a0c-9452-b64cc27c6f3d block--type-basic block--view-mode-full\">\n<div class=\"block__inner\">\n<div class=\"block__content\">\n<div class=\"clearfix text-formatted field field-block-content--body field-formatter-text-default field-name-body field-type-text-with-summary field-label-hidden has-single\">\n<div class=\"field__items\">\n<div class=\"field__item\">\n<p>A City Gate a v\u00e1rosk\u00f6zpont kapuj\u00e1ban, egy csendes, kis forgalm\u00fa utc\u00e1ban tal\u00e1lhat\u00f3 irodakomplexum. K\u00f6zponti elhelyezked\u00e9s\u00e9nek k\u00f6sz\u00f6nhet\u0151en t\u00f6megk\u00f6zleked\u00e9ssel, ker\u00e9kp\u00e1rral \u00e9s aut\u00f3val is k\u00f6nnyen megk\u00f6zel\u00edthet\u0151. Az irodah\u00e1zat t\u00e1gas, z\u00f6ld bels\u0151 udvar veszi k\u00f6r\u00fcl, amely ide\u00e1lis pihen\u00e9sre \u00e9s megbesz\u00e9l\u00e9sekre. A h\u00e1rom \u00e9p\u00fcletben \u00f6sszesen 25 000 n\u00e9gyzetm\u00e9ter alapter\u00fclet\u0171, t\u00e1gas irod\u00e1k maxim\u00e1lis rugalmass\u00e1got \u00e9s a lehets\u00e9ges konfigur\u00e1ci\u00f3k sz\u00e9les sk\u00e1l\u00e1j\u00e1t k\u00edn\u00e1lja b\u00e9rl\u0151inek. A ker\u00e9kp\u00e1rt\u00e1rol\u00f3kkal \u00e9s zuhanyz\u00f3kkal, vend\u00e9gparkol\u00f3kkal, a k\u00f6zelben tal\u00e1lhat\u00f3 szolg\u00e1ltat\u00e1sokkal \u00e9s bev\u00e1s\u00e1rl\u00e1si lehet\u0151s\u00e9gekkel a City Gate kiv\u00e1l\u00f3 v\u00e1laszt\u00e1s minden m\u00e9ret\u0171 v\u00e1llalat sz\u00e1m\u00e1ra.<\/p>\n<\/div>\n<\/div>\n<\/div>\n<\/div>\n<\/div>\n<\/div>\n<\/div>\n<\/div>\n\t\t<\/div><\/div><\/div><\/div><\/div><div id=\"pg-15-2\"  class=\"panel-grid panel-has-style\" ><div id=\"amenities\" class=\"panel-row-style panel-row-style-for-15-2\" ><div id=\"pgc-15-2-0\"  class=\"panel-grid-cell\" ><div id=\"panel-15-2-0-0\" class=\"so-panel widget widget_text panel-first-child\" data-index=\"3\" ><div class=\"row_title panel-widget-style panel-widget-style-for-15-2-0-0\" ><h3 class=\"widget-title\">Szolg\u00e1ltat\u00e1sok<\/h3>\t\t\t<div class=\"textwidget\"><\/div>\n\t\t<\/div><\/div><div class=\"query query-services-wrapper\">\n\t<div class=\"query-wrapper-content\">\n\t\t\n\t\t\n\t\t<div class=\"query-content\">\n\t\t\t<div class=\"query-unformatted query-services\">\n\t\n\t\t<div class=\"query-row query-row-even query-row-0 query-row-first\">\n\t\t\t\n\t\t\t\t\t\t\t\t\t\t\t\t\t\t\t\t\t\t\t\t\t\t\t\t<div class=\"query-field query-field-featured_image\">\n\t\t\t\t\t\t\t<img loading=\"lazy\" decoding=\"async\" width=\"150\" height=\"147\" src=\"https:\/\/citygate.hu\/wp-content\/uploads\/2023\/06\/inner_garden.svg\" class=\"attachment-thumbnail size-thumbnail\" alt=\"\" \/>\t\t\t\t\t\t<\/div>\n\t\t\t\t\t\t\t\t\t\t\t\t\t\t\t\t\t\t\t\t<div class=\"query-field query-field-post_title\">\n\t\t\t\t\t\t\tbels\u0151 kert\t\t\t\t\t\t<\/div>\n\t\t\t\t\t\t\t\t\t\n\t\t\t\t\t<\/div>\n\n\t\n\t\t<div class=\"query-row query-row-odd query-row-1\">\n\t\t\t\n\t\t\t\t\t\t\t\t\t\t\t\t\t\t\t\t\t\t\t\t\t\t\t\t<div class=\"query-field query-field-featured_image\">\n\t\t\t\t\t\t\t<img loading=\"lazy\" decoding=\"async\" width=\"95\" height=\"150\" src=\"https:\/\/citygate.hu\/wp-content\/uploads\/2023\/06\/P-1.svg\" class=\"attachment-thumbnail size-thumbnail\" alt=\"\" \/>\t\t\t\t\t\t<\/div>\n\t\t\t\t\t\t\t\t\t\t\t\t\t\t\t\t\t\t\t\t<div class=\"query-field query-field-post_title\">\n\t\t\t\t\t\t\tvend\u00e9g parkol\u00f3\t\t\t\t\t\t<\/div>\n\t\t\t\t\t\t\t\t\t\n\t\t\t\t\t<\/div>\n\n\t\n\t\t<div class=\"query-row query-row-even query-row-2\">\n\t\t\t\n\t\t\t\t\t\t\t\t\t\t\t\t\t\t\t\t\t\t\t\t\t\t\t\t<div class=\"query-field query-field-featured_image\">\n\t\t\t\t\t\t\t<img loading=\"lazy\" decoding=\"async\" width=\"147\" height=\"150\" src=\"https:\/\/citygate.hu\/wp-content\/uploads\/2023\/06\/operation.svg\" class=\"attachment-thumbnail size-thumbnail\" alt=\"\" \/>\t\t\t\t\t\t<\/div>\n\t\t\t\t\t\t\t\t\t\t\t\t\t\t\t\t\t\t\t\t<div class=\"query-field query-field-post_title\">\n\t\t\t\t\t\t\thelysz\u00edni \u00fczemeltet\u00e9s &amp; szolg\u00e1ltat\u00e1sok\t\t\t\t\t\t<\/div>\n\t\t\t\t\t\t\t\t\t\n\t\t\t\t\t<\/div>\n\n\t\n\t\t<div class=\"query-row query-row-odd query-row-3\">\n\t\t\t\n\t\t\t\t\t\t\t\t\t\t\t\t\t\t\t\t\t\t\t\t\t\t\t\t<div class=\"query-field query-field-featured_image\">\n\t\t\t\t\t\t\t<img loading=\"lazy\" decoding=\"async\" width=\"150\" height=\"89\" src=\"https:\/\/citygate.hu\/wp-content\/uploads\/2023\/06\/canteen.svg\" class=\"attachment-thumbnail size-thumbnail\" alt=\"\" \/>\t\t\t\t\t\t<\/div>\n\t\t\t\t\t\t\t\t\t\t\t\t\t\t\t\t\t\t\t\t<div class=\"query-field query-field-post_title\">\n\t\t\t\t\t\t\t\u00e9tterem terasszal (hamarosan)\t\t\t\t\t\t<\/div>\n\t\t\t\t\t\t\t\t\t\n\t\t\t\t\t<\/div>\n\n\t\n\t\t<div class=\"query-row query-row-even query-row-4\">\n\t\t\t\n\t\t\t\t\t\t\t\t\t\t\t\t\t\t\t\t\t\t\t\t\t\t\t\t<div class=\"query-field query-field-featured_image\">\n\t\t\t\t\t\t\t<img loading=\"lazy\" decoding=\"async\" width=\"150\" height=\"74\" src=\"https:\/\/citygate.hu\/wp-content\/uploads\/2023\/06\/conference.svg\" class=\"attachment-thumbnail size-thumbnail\" alt=\"\" \/>\t\t\t\t\t\t<\/div>\n\t\t\t\t\t\t\t\t\t\t\t\t\t\t\t\t\t\t\t\t<div class=\"query-field query-field-post_title\">\n\t\t\t\t\t\t\tk\u00f6z\u00f6ss\u00e9gi t\u00e9r (konferenciaterem)\t\t\t\t\t\t<\/div>\n\t\t\t\t\t\t\t\t\t\n\t\t\t\t\t<\/div>\n\n\t\n\t\t<div class=\"query-row query-row-odd query-row-5\">\n\t\t\t\n\t\t\t\t\t\t\t\t\t\t\t\t\t\t\t\t\t\t\t\t\t\t\t\t<div class=\"query-field query-field-featured_image\">\n\t\t\t\t\t\t\t<img loading=\"lazy\" decoding=\"async\" width=\"92\" height=\"150\" src=\"https:\/\/citygate.hu\/wp-content\/uploads\/2023\/06\/shower.svg\" class=\"attachment-thumbnail size-thumbnail\" alt=\"\" \/>\t\t\t\t\t\t<\/div>\n\t\t\t\t\t\t\t\t\t\t\t\t\t\t\t\t\t\t\t\t<div class=\"query-field query-field-post_title\">\n\t\t\t\t\t\t\tzuhanyz\u00f3k &amp; \u00f6lt\u00f6z\u0151k\t\t\t\t\t\t<\/div>\n\t\t\t\t\t\t\t\t\t\n\t\t\t\t\t<\/div>\n\n\t\n\t\t<div class=\"query-row query-row-even query-row-6\">\n\t\t\t\n\t\t\t\t\t\t\t\t\t\t\t\t\t\t\t\t\t\t\t\t\t\t\t\t<div class=\"query-field query-field-featured_image\">\n\t\t\t\t\t\t\t<img loading=\"lazy\" decoding=\"async\" width=\"150\" height=\"90\" src=\"https:\/\/citygate.hu\/wp-content\/uploads\/2023\/06\/bike.svg\" class=\"attachment-thumbnail size-thumbnail\" alt=\"\" \/>\t\t\t\t\t\t<\/div>\n\t\t\t\t\t\t\t\t\t\t\t\t\t\t\t\t\t\t\t\t<div class=\"query-field query-field-post_title\">\n\t\t\t\t\t\t\tker\u00e9kp\u00e1r-t\u00e1rol\u00f3\t\t\t\t\t\t<\/div>\n\t\t\t\t\t\t\t\t\t\n\t\t\t\t\t<\/div>\n\n\t\n\t\t<div class=\"query-row query-row-odd query-row-7\">\n\t\t\t\n\t\t\t\t\t\t\t\t\t\t\t\t\t\t\t\t\t\t\t\t\t\t\t\t<div class=\"query-field query-field-featured_image\">\n\t\t\t\t\t\t\t<img loading=\"lazy\" decoding=\"async\" width=\"150\" height=\"135\" src=\"https:\/\/citygate.hu\/wp-content\/uploads\/2023\/06\/supermarket.svg\" class=\"attachment-thumbnail size-thumbnail\" alt=\"\" \/>\t\t\t\t\t\t<\/div>\n\t\t\t\t\t\t\t\t\t\t\t\t\t\t\t\t\t\t\t\t<div class=\"query-field query-field-post_title\">\n\t\t\t\t\t\t\tszupermarket\t\t\t\t\t\t<\/div>\n\t\t\t\t\t\t\t\t\t\n\t\t\t\t\t<\/div>\n\n\t\n\t\t<div class=\"query-row query-row-even query-row-8\">\n\t\t\t\n\t\t\t\t\t\t\t\t\t\t\t\t\t\t\t\t\t\t\t\t\t\t\t\t<div class=\"query-field query-field-featured_image\">\n\t\t\t\t\t\t\t<img loading=\"lazy\" decoding=\"async\" width=\"150\" height=\"69\" src=\"https:\/\/citygate.hu\/wp-content\/uploads\/2023\/06\/hotel.svg\" class=\"attachment-thumbnail size-thumbnail\" alt=\"\" \/>\t\t\t\t\t\t<\/div>\n\t\t\t\t\t\t\t\t\t\t\t\t\t\t\t\t\t\t\t\t<div class=\"query-field query-field-post_title\">\n\t\t\t\t\t\t\thotel\t\t\t\t\t\t<\/div>\n\t\t\t\t\t\t\t\t\t\n\t\t\t\t\t<\/div>\n\n\t\n\t\t<div class=\"query-row query-row-odd query-row-9\">\n\t\t\t\n\t\t\t\t\t\t\t\t\t\t\t\t\t\t\t\t\t\t\t\t\t\t\t\t<div class=\"query-field query-field-featured_image\">\n\t\t\t\t\t\t\t<img loading=\"lazy\" decoding=\"async\" width=\"147\" height=\"150\" src=\"https:\/\/citygate.hu\/wp-content\/uploads\/2023\/06\/cinema.svg\" class=\"attachment-thumbnail size-thumbnail\" alt=\"\" \/>\t\t\t\t\t\t<\/div>\n\t\t\t\t\t\t\t\t\t\t\t\t\t\t\t\t\t\t\t\t<div class=\"query-field query-field-post_title\">\n\t\t\t\t\t\t\tmozi\t\t\t\t\t\t<\/div>\n\t\t\t\t\t\t\t\t\t\n\t\t\t\t\t<\/div>\n\n\t\n\t\t<div class=\"query-row query-row-even query-row-10\">\n\t\t\t\n\t\t\t\t\t\t\t\t\t\t\t\t\t\t\t\t\t\t\t\t\t\t\t\t<div class=\"query-field query-field-featured_image\">\n\t\t\t\t\t\t\t<img loading=\"lazy\" decoding=\"async\" width=\"135\" height=\"150\" src=\"https:\/\/citygate.hu\/wp-content\/uploads\/2023\/06\/food_bev.svg\" class=\"attachment-thumbnail size-thumbnail\" alt=\"\" \/>\t\t\t\t\t\t<\/div>\n\t\t\t\t\t\t\t\t\t\t\t\t\t\t\t\t\t\t\t\t<div class=\"query-field query-field-post_title\">\n\t\t\t\t\t\t\tvend\u00e9gl\u00e1t\u00f3helyek a R\u00e1day utc\u00e1ban\t\t\t\t\t\t<\/div>\n\t\t\t\t\t\t\t\t\t\n\t\t\t\t\t<\/div>\n\n\t\n\t\t<div class=\"query-row query-row-odd query-row-11\">\n\t\t\t\n\t\t\t\t\t\t\t\t\t\t\t\t\t\t\t\t\t\t\t\t\t\t\t\t<div class=\"query-field query-field-featured_image\">\n\t\t\t\t\t\t\t<img loading=\"lazy\" decoding=\"async\" width=\"150\" height=\"144\" src=\"https:\/\/citygate.hu\/wp-content\/uploads\/2023\/06\/corvin.svg\" class=\"attachment-thumbnail size-thumbnail\" alt=\"\" \/>\t\t\t\t\t\t<\/div>\n\t\t\t\t\t\t\t\t\t\t\t\t\t\t\t\t\t\t\t\t<div class=\"query-field query-field-post_title\">\n\t\t\t\t\t\t\tCorvin Plaza\t\t\t\t\t\t<\/div>\n\t\t\t\t\t\t\t\t\t\n\t\t\t\t\t<\/div>\n\n\t\n\t\t<div class=\"query-row query-row-even query-row-12\">\n\t\t\t\n\t\t\t\t\t\t\t\t\t\t\t\t\t\t\t\t\t\t\t\t\t\t\t\t<div class=\"query-field query-field-featured_image\">\n\t\t\t\t\t\t\t<img loading=\"lazy\" decoding=\"async\" width=\"119\" height=\"150\" src=\"https:\/\/citygate.hu\/wp-content\/uploads\/2023\/06\/pharmacy.svg\" class=\"attachment-thumbnail size-thumbnail\" alt=\"\" \/>\t\t\t\t\t\t<\/div>\n\t\t\t\t\t\t\t\t\t\t\t\t\t\t\t\t\t\t\t\t<div class=\"query-field query-field-post_title\">\n\t\t\t\t\t\t\tgy\u00f3gyszert\u00e1r\t\t\t\t\t\t<\/div>\n\t\t\t\t\t\t\t\t\t\n\t\t\t\t\t<\/div>\n\n\t\n\t\t<div class=\"query-row query-row-odd query-row-13\">\n\t\t\t\n\t\t\t\t\t\t\t\t\t\t\t\t\t\t\t\t\t\t\t\t\t\t\t\t<div class=\"query-field query-field-featured_image\">\n\t\t\t\t\t\t\t<img loading=\"lazy\" decoding=\"async\" width=\"150\" height=\"128\" src=\"https:\/\/citygate.hu\/wp-content\/uploads\/2023\/06\/fittness_0.svg\" class=\"attachment-thumbnail size-thumbnail\" alt=\"\" \/>\t\t\t\t\t\t<\/div>\n\t\t\t\t\t\t\t\t\t\t\t\t\t\t\t\t\t\t\t\t<div class=\"query-field query-field-post_title\">\n\t\t\t\t\t\t\tkonditerem\t\t\t\t\t\t<\/div>\n\t\t\t\t\t\t\t\t\t\n\t\t\t\t\t<\/div>\n\n\t\n\t\t<div class=\"query-row query-row-even query-row-14 query-row-last\">\n\t\t\t\n\t\t\t\t\t\t\t\t\t\t\t\t\t\t\t\t\t\t\t\t\t\t\t\t<div class=\"query-field query-field-featured_image\">\n\t\t\t\t\t\t\t<img loading=\"lazy\" decoding=\"async\" width=\"150\" height=\"111\" src=\"https:\/\/citygate.hu\/wp-content\/uploads\/2023\/06\/post.svg\" class=\"attachment-thumbnail size-thumbnail\" alt=\"\" \/>\t\t\t\t\t\t<\/div>\n\t\t\t\t\t\t\t\t\t\t\t\t\t\t\t\t\t\t\t\t<div class=\"query-field query-field-post_title\">\n\t\t\t\t\t\t\tposta\t\t\t\t\t\t<\/div>\n\t\t\t\t\t\t\t\t\t\n\t\t\t\t\t<\/div>\n\n\t<\/div>\t\t\t\t\t<\/div>\n\n\t\t\t<\/div>\n<\/div><div class=\"query query--wrapper\">\n\t<div class=\"query-wrapper-content\">\n\t\t\n\t\t\n\t\t<div class=\"query-content\">\n\t\t\t\t\t\t\t\t<\/div>\n\n\t\t\t<\/div>\n<\/div><\/div><\/div><\/div><div id=\"pg-15-3\"  class=\"panel-grid panel-has-style\" ><div id=\"location\" class=\"panel-row-style panel-row-style-for-15-3\" ><div id=\"pgc-15-3-0\"  class=\"panel-grid-cell\" ><div id=\"panel-15-3-0-0\" class=\"so-panel widget widget_text panel-first-child panel-last-child\" data-index=\"6\" ><div class=\"row_title panel-widget-style panel-widget-style-for-15-3-0-0\" >\t\t\t<div class=\"textwidget\"><div class=\"field__item\">\n<div id=\"map_container\"><div class=\"BorlabsCookie _brlbs-cb-googlemaps\"><div class=\"_brlbs-content-blocker\"> <div class=\"_brlbs-embed _brlbs-google-maps\"> <img decoding=\"async\" class=\"_brlbs-thumbnail\" src=\"https:\/\/citygate.hu\/wp-content\/plugins\/borlabs-cookie\/assets\/images\/cb-maps.png\" alt=\"Google Maps\"> <div class=\"_brlbs-caption\"> <p>By loading the map, you agree to Google's privacy policy.<br><a href=\"https:\/\/policies.google.com\/privacy?hl=en&gl=en\" target=\"_blank\" rel=\"nofollow noopener noreferrer\">Learn more<\/a><\/p> <p><a class=\"_brlbs-btn\" href=\"#\" data-borlabs-cookie-unblock role=\"button\">Load map<\/a><\/p> <p><label><input type=\"checkbox\" name=\"unblockAll\" value=\"1\" checked> <small>Always unblock Google Maps<\/small><\/label><\/p> <\/div> <\/div> <\/div><div class=\"borlabs-hide\" data-borlabs-cookie-type=\"content-blocker\" data-borlabs-cookie-id=\"googlemaps\"><script type=\"text\/template\">PGlmcmFtZSBzdHlsZT0iYm9yZGVyOiAwOyIgc3JjPSJodHRwczovL3d3dy5nb29nbGUuY29tL21hcHMvZW1iZWQ\/cGI9ITFtMTghMW0xMiExbTMhMWQzMjg5LjQzMTQ3NjMwNzgyODchMmQxOS4wNjQ4MzYxODk0MjEyODUhM2Q0Ny40ODcxODE5NTI0OTYzOCEybTMhMWYwITJmMCEzZjAhM20yITFpMTAyNCEyaTc2OCE0ZjEzLjEhM20zITFtMiExczB4NDc0MWRjNTlmZTZkMWUxMSUzQTB4NTc0MGI1YTNmMGZhOGQ2MyEyc0J1ZGFwZXN0JTJDJTIwSyVDMyVCNnp0ZWxlayUyMHUuJTIwNiUyQyUyMDEwOTIhNWUxITNtMiExc2h1ITJzaHUhNHYxNjYzNzQ5MjI2NTQ3ITVtMiExc2h1ITJzaHUiIHdpZHRoPSI2MDAiIGhlaWdodD0iNDUwIiBhbGxvd2Z1bGxzY3JlZW49IiI+PC9pZnJhbWU+<\/script><\/div><\/div><\/div>\n<div id=\"address_info\">\n<h2 class=\"block__title\">Elhelyezked\u00e9s<\/h2>\n<div id=\"address_text\">1092 Budapest, K\u00f6ztelek u. 6.<\/div>\n<div id=\"address_logo\"><img decoding=\"async\" src=\"\/wp-content\/uploads\/2023\/06\/CG_logo.svg\" \/><\/div>\n<div id=\"transport_options\">\n<div class=\"transport_text\">K\u00f6zleked\u00e9si kapcsolatok az iroda\u00e9p\u00fclethez:<\/div>\n<div class=\"transp_option transp_option1\"><img decoding=\"async\" src=\"\/wp-content\/uploads\/2023\/06\/bus.svg\" \/>15, 115, 914, 914A, 950, 950A<\/div>\n<div class=\"transp_option transp_option2\"><img decoding=\"async\" src=\"\/wp-content\/uploads\/2023\/06\/troli.svg\" \/>83<\/div>\n<div class=\"transp_option transp_option3\"><img decoding=\"async\" src=\"\/wp-content\/uploads\/2023\/06\/vill.svg\" \/>47, 48, 49<\/div>\n<div class=\"transp_option transp_option4\"><img decoding=\"async\" src=\"\/wp-content\/uploads\/2023\/06\/100.svg\" \/><\/div>\n<div class=\"transp_option transp_option5\"><img decoding=\"async\" src=\"\/wp-content\/uploads\/2023\/06\/metro.svg\" \/>M3, M4<\/div>\n<div class=\"transp_option transp_option6\"><img decoding=\"async\" src=\"\/wp-content\/uploads\/2023\/06\/bubi.svg\" \/>BuBi<\/div>\n<\/div>\n<\/div>\n<\/div>\n<\/div>\n\t\t<\/div><\/div><\/div><\/div><\/div><div id=\"pg-15-4\"  class=\"panel-grid panel-has-style\" ><div id=\"gallery\" class=\"panel-row-style panel-row-style-for-15-4\" ><div id=\"pgc-15-4-0\"  class=\"panel-grid-cell\" ><div id=\"panel-15-4-0-0\" class=\"so-panel widget widget_text panel-first-child panel-last-child\" data-index=\"7\" ><div class=\"row_title panel-widget-style panel-widget-style-for-15-4-0-0\" ><h3 class=\"widget-title\">Gal\u00e9ria<\/h3>\t\t\t<div class=\"textwidget\">\n<\/div>\n\t\t<\/div><\/div><\/div><\/div><\/div><div id=\"pg-15-5\"  class=\"panel-grid panel-has-style\" ><div id=\"contact\" class=\"panel-row-style panel-row-style-for-15-5\" ><div id=\"pgc-15-5-0\"  class=\"panel-grid-cell\" ><div id=\"panel-15-5-0-0\" class=\"so-panel widget widget_text panel-first-child panel-last-child\" data-index=\"8\" ><div class=\"row_title panel-widget-style panel-widget-style-for-15-5-0-0\" ><h3 class=\"widget-title\">Kapcsolat<\/h3>\t\t\t<div class=\"textwidget\"><div class=\"view-content view-rows\">\n<div class=\"view-grouping\">\n<div class=\"view-grouping-content\">\n<h3 class=\"view-title\"><img loading=\"lazy\" decoding=\"async\" class=\"image-style-medium\" src=\"\/wp-content\/uploads\/2025\/09\/IMG_0887-scaled.jpg\" alt=\"\" width=\"200\" height=\"200\" \/><\/h3>\n<div class=\"views-row\">\n<div class=\"views-field views-field-title\"><span class=\"field-content\">Gedai Bori<\/span><\/div>\n<div class=\"views-field views-field-field-company\">\n<\/div>\n<div class=\"views-field views-field-field-phone\">\n<div class=\"field-content\"><a href=\"tel:+36707953580\">+36 70 795 3580<\/a><\/div>\n<\/div>\n<div class=\"views-field views-field-field-email\">\n<div class=\"field-content\"><a href=\"mailto:borbalareka.gedai@cushwake.com\" target=\"_blank\" rel=\"noopener\">borbalareka.gedai@cushwake.com<\/a><\/div>\n<\/div>\n<\/div>\n<\/div>\n<\/div>\n<div class=\"view-grouping\">\n<div class=\"view-grouping-content\">\n<h3 class=\"view-title\"><img loading=\"lazy\" decoding=\"async\" class=\"image-style-medium\" src=\"\/wp-content\/uploads\/2025\/09\/Sveger-Nikolett_1-scaled.jpg\" alt=\"\" width=\"200\" height=\"200\" \/><\/h3>\n<div class=\"views-row\">\n<div class=\"views-field views-field-title\"><span class=\"field-content\">Sv\u00e9ger Nikolett<\/span><\/div>\n<div class=\"views-field views-field-field-company\">\n<\/div>\n<div class=\"views-field views-field-field-phone\">\n<div class=\"field-content\"><a href=\"tel:+36204009061\">+36 20 400 9061<\/a><\/div>\n<\/div>\n<div class=\"views-field views-field-field-email\">\n<div class=\"field-content\"><a href=\"mailto:nikolett.sveger@eston.hu\" target=\"_blank\" rel=\"noopener\">nikolett.sveger@eston.hu<\/a><\/div>\n<\/div>\n<\/div>\n<\/div>\n<\/div>\n<\/div>\n<\/div>\n<\/div>\n<\/div>\n\t\t<\/div><\/div><\/div><\/div><\/div><\/div>","protected":false},"excerpt":{"rendered":"<p>The building &nbsp; City gate 1 4,620 sq m &nbsp; &nbsp; City gate 2 10,870 sq m &nbsp; &nbsp; City gate 3 9,450 sq m &nbsp; City Gate is an &#8230;<\/p>","protected":false},"author":1,"featured_media":0,"parent":0,"menu_order":0,"comment_status":"closed","ping_status":"closed","template":"template-fullwidth-stretched.php","meta":{"inline_featured_image":false,"footnotes":""},"class_list":["post-15","page","type-page","status-publish","hentry"],"acf":[],"_links":{"self":[{"href":"https:\/\/citygate.hu\/hu\/wp-json\/wp\/v2\/pages\/15","targetHints":{"allow":["GET"]}}],"collection":[{"href":"https:\/\/citygate.hu\/hu\/wp-json\/wp\/v2\/pages"}],"about":[{"href":"https:\/\/citygate.hu\/hu\/wp-json\/wp\/v2\/types\/page"}],"author":[{"embeddable":true,"href":"https:\/\/citygate.hu\/hu\/wp-json\/wp\/v2\/users\/1"}],"replies":[{"embeddable":true,"href":"https:\/\/citygate.hu\/hu\/wp-json\/wp\/v2\/comments?post=15"}],"version-history":[{"count":140,"href":"https:\/\/citygate.hu\/hu\/wp-json\/wp\/v2\/pages\/15\/revisions"}],"predecessor-version":[{"id":560,"href":"https:\/\/citygate.hu\/hu\/wp-json\/wp\/v2\/pages\/15\/revisions\/560"}],"wp:attachment":[{"href":"https:\/\/citygate.hu\/hu\/wp-json\/wp\/v2\/media?parent=15"}],"curies":[{"name":"wp","href":"https:\/\/api.w.org\/{rel}","templated":true}]}}