{"id":545,"date":"2023-08-28T12:46:38","date_gmt":"2023-08-28T10:46:38","guid":{"rendered":"https:\/\/citygate.hu\/?page_id=545"},"modified":"2023-08-28T12:46:38","modified_gmt":"2023-08-28T10:46:38","slug":"impresszum","status":"publish","type":"page","link":"https:\/\/citygate.hu\/hu\/impresszum\/","title":{"rendered":"Impresszum"},"content":{"rendered":"<p>C\u00e9gn\u00e9v <em>(company name)<\/em>: <strong>EUROPOLIS City Gate Kft.<\/strong>(EUROPOLIS City Gate LLC.)<br \/>\nSz\u00e9khely <em>(registered office)<\/em>: <strong>1095 Budapest, Lechner \u00d6d\u00f6n fasor 6.<\/strong><br \/>\nTelefon <em>(phone number)<\/em>: <strong>+36 1 501 2800<\/strong><br \/>\nE-Mail: <a href=\"mailto:office@caimmo.hu\">office@caimmo.hu<\/a><br \/>\nHonlap <em>(web address)<\/em>: <a href=\"https:\/\/citygate.hu\/hu\/\">https:\/\/citygate.hu\/hu\/<\/a><br \/>\nC\u00e9gjegyz\u00e9ksz\u00e1m <em>(company register no.)<\/em>: <strong>Cg. 01-09-680957<\/strong><br \/>\nNyilv\u00e1ntart\u00e1s\u00e1t vezeti <em>(registered with)<\/em>: <strong>F\u0151v\u00e1rosi T\u00f6rv\u00e9nysz\u00e9k C\u00e9gb\u00edr\u00f3s\u00e1ga<\/strong> <em>(Company Registry Court of Budapest-Capital Regional Court)<\/em><br \/>\nAd\u00f3sz\u00e1m <em>(VAT no.)<\/em>: <strong>11876645-2-43<\/strong><br \/>\nK\u00f6z\u00f6ss\u00e9gi ad\u00f3sz\u00e1m <em>(EU VAT no.)<\/em>:<strong> HU11876645<\/strong><br \/>\nT\u00e1rhelyszolg\u00e1ltat\u00f3 neve <em>(name of data hosting service provider)<\/em>: IACD Systemhaus GmbH; sz\u00e9khelye <em>(registered office)<\/em>: H\u00f6herweg 270, 40231 D\u00fcsseldorf, Germany; el\u00e9rhet\u0151s\u00e9ge (contact details): <a href=\"mailto:hostmaster@iacd.net\">hostmaster@iacd.net<\/a><\/p>\n<p><strong>Az EUROPOLIS City Gate Kft. a EUROPOLIS CE Alpha Holding GmbH le\u00e1nyv\u00e1llalata.<\/strong> <em>(EUROPOLIS City Gate LLC. is an affilate of EUROPOLIS CE Alpha Holding GmbH.)<\/em><\/p>\n<p><strong>A honlap adatkezel\u00e9s\u00e9re az EUROPOLIS City Gate Kft. Adatkezel\u00e9si T\u00e1j\u00e9koztat\u00f3ja ir\u00e1nyad\u00f3.<\/strong> <em>(The Privacy Policy of EUROPOLIS City Gate LLC. applies accordingly to the data processing of the site.)<\/em><\/p>\n<p><strong>A honlapon szerepl\u0151 minden sz\u00f6veges, k\u00e9pi, grafikai \u00e9s arculati elem szerz\u0151i jogi jogosultja az EUROPOLIS City Gate Kft.; ezen elemek felhaszn\u00e1l\u00e1s\u00e1hoz az EUROPOLIS City Gate Kft. el\u0151zetes enged\u00e9lye sz\u00fcks\u00e9ges.<\/strong> <em>(EUROPOLIS City Gate LLC. is the copyright holder of each textual, visual, graphic and design element of the site; the use of such elements requires the prior permission of EUROPOLIS City Gate LLC.)<\/em><\/p>\n<p><strong>A honlap haszn\u00e1lata sor\u00e1n tilos a jogs\u00e9rt\u0151, diszkriminat\u00edv, a j\u00f3\u00edzl\u00e9sbe \u00fctk\u00f6z\u0151, vagy egy\u00e9bk\u00e9nt a honlap m\u0171k\u00f6d\u00e9s\u00e9t k\u00e1rosan befoly\u00e1sol\u00f3 tartalom megoszt\u00e1sa vagy felt\u00f6lt\u00e9se.<\/strong> <em>(It is prohibited to share or upload any content on the site which is infringing, discriminative, indecent or otherwise capable of adversely affect the functioning of the site.)<\/em><\/p>","protected":false},"excerpt":{"rendered":"<p>C\u00e9gn\u00e9v (company name): EUROPOLIS City Gate Kft.(EUROPOLIS City Gate LLC.) Sz\u00e9khely (registered office): 1095 Budapest, Lechner \u00d6d\u00f6n fasor 6. Telefon (phone number): +36 1 501 2800 E-Mail: office@caimmo.hu Honlap (web &#8230;<\/p>","protected":false},"author":2,"featured_media":0,"parent":0,"menu_order":0,"comment_status":"closed","ping_status":"closed","template":"","meta":{"inline_featured_image":false,"footnotes":""},"class_list":["post-545","page","type-page","status-publish","hentry"],"acf":[],"_links":{"self":[{"href":"https:\/\/citygate.hu\/hu\/wp-json\/wp\/v2\/pages\/545","targetHints":{"allow":["GET"]}}],"collection":[{"href":"https:\/\/citygate.hu\/hu\/wp-json\/wp\/v2\/pages"}],"about":[{"href":"https:\/\/citygate.hu\/hu\/wp-json\/wp\/v2\/types\/page"}],"author":[{"embeddable":true,"href":"https:\/\/citygate.hu\/hu\/wp-json\/wp\/v2\/users\/2"}],"replies":[{"embeddable":true,"href":"https:\/\/citygate.hu\/hu\/wp-json\/wp\/v2\/comments?post=545"}],"version-history":[{"count":1,"href":"https:\/\/citygate.hu\/hu\/wp-json\/wp\/v2\/pages\/545\/revisions"}],"predecessor-version":[{"id":546,"href":"https:\/\/citygate.hu\/hu\/wp-json\/wp\/v2\/pages\/545\/revisions\/546"}],"wp:attachment":[{"href":"https:\/\/citygate.hu\/hu\/wp-json\/wp\/v2\/media?parent=545"}],"curies":[{"name":"wp","href":"https:\/\/api.w.org\/{rel}","templated":true}]}}